{"id":10032,"date":"2024-09-17T14:37:03","date_gmt":"2024-09-17T18:37:03","guid":{"rendered":"https:\/\/developpementvs.com\/?post_type=product&#038;p=10032"},"modified":"2024-10-16T15:35:41","modified_gmt":"2024-10-16T19:35:41","slug":"planification-strategique-pour-rh","status":"publish","type":"product","link":"https:\/\/developpementvs.com\/en\/produit\/planification-strategique-pour-rh\/","title":{"rendered":"Planification strat\u00e9gique pour RH"},"content":{"rendered":"<p>Cette formation a pour objectif de :<\/p>\n<ul>\n<li>D\u00e9velopper une r\u00e9flexion strat\u00e9gique et d&#8217;identifier vos objectifs<\/li>\n<li>Comprendre les concepts reli\u00e9s aux enjeux (\u00e9l\u00e9ments critiques) et les notions associ\u00e9es \u00e0 la planification strat\u00e9gique<\/li>\n<li>Identifier les outils (SWOTT, Gantt, PASTEL, GPMO)<\/li>\n<\/ul>\n<p><strong>En collaboration avec le <a href=\"https:\/\/www.cegepvalleyfield.ca\/service-aux-entreprises\/\" target=\"_blank\" rel=\"noopener\">C\u00e9gep de Valleyfield<\/a>, nous recevons la formatrice : Marie-Claude Larouche<\/strong><\/p>\n<p>Pour plus d\u2019information, consultez son profil <a href=\"https:\/\/www.linkedin.com\/in\/marie-claude-larouche-m-b-a-aa358915\/\" target=\"_blank\" rel=\"noopener\">LinkedIn<\/a>.<\/p>\n<p>Une attestation de participation sera remise par le C\u00e9gep de Valleyfield \u00e0 chaque participant ayant suivi la formation.<\/p>\n<p>&nbsp;<\/p>\n<p><em>* Aucun remboursement ne sera accord\u00e9 \u00e0 moins d&#8217;une annulation au plus tard 7 jours avant l&#8217;\u00e9v\u00e9nement.<\/em><\/p>\n","protected":false},"excerpt":{"rendered":"<p>Cette formation a pour objectif de : D\u00e9velopper une r\u00e9flexion strat\u00e9gique et d&#8217;identifier vos objectifs Comprendre les concepts reli\u00e9s aux [&hellip;]<\/p>\n","protected":false},"featured_media":0,"template":"","meta":{"_acf_changed":false,"_seopress_robots_primary_cat":"none","_seopress_titles_title":"Planification strat\u00e9gique pour RH","_seopress_titles_desc":"Cette formation a entre autres pour objectif de d\u00e9velopper une r\u00e9flexion strat\u00e9gique et d'identifier vos objectifs ainsi que de comprendre les concepts reli\u00e9s aux enjeux et \u00e0 la planification strat\u00e9gique.","_seopress_robots_index":""},"product_brand":[],"product_cat":[56],"product_tag":[],"class_list":{"0":"post-10032","1":"product","2":"type-product","3":"status-publish","5":"product_cat-formations","7":"first","8":"instock","9":"taxable","10":"shipping-taxable","11":"purchasable","12":"product-type-simple"},"acf":[],"_links":{"self":[{"href":"https:\/\/developpementvs.com\/en\/wp-json\/wp\/v2\/product\/10032","targetHints":{"allow":["GET"]}}],"collection":[{"href":"https:\/\/developpementvs.com\/en\/wp-json\/wp\/v2\/product"}],"about":[{"href":"https:\/\/developpementvs.com\/en\/wp-json\/wp\/v2\/types\/product"}],"wp:attachment":[{"href":"https:\/\/developpementvs.com\/en\/wp-json\/wp\/v2\/media?parent=10032"}],"wp:term":[{"taxonomy":"product_brand","embeddable":true,"href":"https:\/\/developpementvs.com\/en\/wp-json\/wp\/v2\/product_brand?post=10032"},{"taxonomy":"product_cat","embeddable":true,"href":"https:\/\/developpementvs.com\/en\/wp-json\/wp\/v2\/product_cat?post=10032"},{"taxonomy":"product_tag","embeddable":true,"href":"https:\/\/developpementvs.com\/en\/wp-json\/wp\/v2\/product_tag?post=10032"}],"curies":[{"name":"wp","href":"https:\/\/api.w.org\/{rel}","templated":true}]}}