{"id":10041,"date":"2024-09-16T18:06:54","date_gmt":"2024-09-16T22:06:54","guid":{"rendered":"https:\/\/developpementvs.com\/?post_type=product&#038;p=10041"},"modified":"2025-04-14T16:00:52","modified_gmt":"2025-04-14T20:00:52","slug":"le-renforcement-des-competences-en-communication-interpersonnelle","status":"publish","type":"product","link":"https:\/\/developpementvs.com\/en\/produit\/le-renforcement-des-competences-en-communication-interpersonnelle\/","title":{"rendered":"Le renforcement des comp\u00e9tences en communication interpersonnelle"},"content":{"rendered":"<p>Cette formation a pour objectif de :<\/p>\n<ul>\n<li>Assurer un processus d&#8217;accueil et d&#8217;int\u00e9gration efficace<\/li>\n<li>Favoriser le maintien du personnel au sein de l\u2019entreprise et d\u00e9velopper son potentiel<\/li>\n<li>Faciliter l&#8217;alignement des efforts gr\u00e2ce \u00e0 un suivi et une r\u00e9troaction rapide<\/li>\n<li>Identifier et analyser les facteurs qui influencent la responsabilisation des membres de l&#8217;\u00e9quipe et l&#8217;impact de la communication du leader<\/li>\n<li>\u00c9tudier des cas pratiques pour comprendre l&#8217;impact de la communication sur la dynamique de l&#8217;\u00e9quipe<\/li>\n<\/ul>\n<p><strong>En collaboration avec le <a href=\"https:\/\/www.cegepvalleyfield.ca\/service-aux-entreprises\/\" target=\"_blank\" rel=\"noopener\">C\u00e9gep de Valleyfield<\/a>, nous recevons le formateur : Gino G\u00e9linas.<\/strong><\/p>\n<p><em>\u00ab Gestionnaire polyvalent, mon champ d&#8217;expertise se situe au niveau du d\u00e9veloppement de l&#8217;humain, de la gestion du changement et de l&#8217;am\u00e9lioration des processus qualit\u00e9 en coh\u00e9rence avec le d\u00e9veloppement organisationnel. \u0152uvrant dans une philosophie de partenariat, de communication et de coh\u00e9rence, j&#8217;utilise les facettes de mon leadership afin de rassembler les gens autour de projets mobilisants. Le coaching est une passion que je d\u00e9veloppe chaque jour afin d&#8217;accompagner des jeunes et moins jeunes \u00e0 reprendre leur pouvoir afin d&#8217;atteindre leurs objectifs de vie personnelle et professionnels.\u00a0\u00bb<\/em><\/p>\n<p>Pour plus d\u2019information, consultez son profil <a href=\"https:\/\/www.linkedin.com\/in\/gino-gelinas-m-ed-1293bb55\/\" target=\"_blank\" rel=\"noopener\">LinkedIn<\/a>.<\/p>\n<p>Une attestation de participation sera remise par le C\u00e9gep de Valleyfield \u00e0 chaque participant ayant suivi la formation.<\/p>\n<p>&nbsp;<\/p>\n<p><em>* Aucun remboursement ne sera accord\u00e9 \u00e0 moins d&#8217;une annulation au plus tard 7 jours avant l&#8217;\u00e9v\u00e9nement.<\/em><\/p>\n","protected":false},"excerpt":{"rendered":"<p>Cette formation a pour objectif de : Assurer un processus d&#8217;accueil et d&#8217;int\u00e9gration efficace Favoriser le maintien du personnel au [&hellip;]<\/p>\n","protected":false},"featured_media":0,"template":"","meta":{"_acf_changed":false,"_seopress_robots_primary_cat":"none","_seopress_titles_title":"Le renforcement des comp\u00e9tences en communication interpersonnelle","_seopress_titles_desc":"Cette formation a entre autres pour objectif d'assurer un processus d'accueil et d'int\u00e9gration efficace, de favoriser le maintien du personnel au sein de l\u2019entreprise et d\u00e9velopper son potentiel.","_seopress_robots_index":""},"product_brand":[],"product_cat":[56],"product_tag":[],"class_list":{"0":"post-10041","1":"product","2":"type-product","3":"status-publish","5":"product_cat-formations","7":"first","8":"instock","9":"taxable","10":"shipping-taxable","11":"purchasable","12":"product-type-simple"},"acf":[],"_links":{"self":[{"href":"https:\/\/developpementvs.com\/en\/wp-json\/wp\/v2\/product\/10041","targetHints":{"allow":["GET"]}}],"collection":[{"href":"https:\/\/developpementvs.com\/en\/wp-json\/wp\/v2\/product"}],"about":[{"href":"https:\/\/developpementvs.com\/en\/wp-json\/wp\/v2\/types\/product"}],"wp:attachment":[{"href":"https:\/\/developpementvs.com\/en\/wp-json\/wp\/v2\/media?parent=10041"}],"wp:term":[{"taxonomy":"product_brand","embeddable":true,"href":"https:\/\/developpementvs.com\/en\/wp-json\/wp\/v2\/product_brand?post=10041"},{"taxonomy":"product_cat","embeddable":true,"href":"https:\/\/developpementvs.com\/en\/wp-json\/wp\/v2\/product_cat?post=10041"},{"taxonomy":"product_tag","embeddable":true,"href":"https:\/\/developpementvs.com\/en\/wp-json\/wp\/v2\/product_tag?post=10041"}],"curies":[{"name":"wp","href":"https:\/\/api.w.org\/{rel}","templated":true}]}}