{"id":10044,"date":"2024-09-16T17:56:15","date_gmt":"2024-09-16T21:56:15","guid":{"rendered":"https:\/\/developpementvs.com\/?post_type=product&#038;p=10044"},"modified":"2025-01-16T09:08:56","modified_gmt":"2025-01-16T14:08:56","slug":"la-gestion-du-changement","status":"publish","type":"product","link":"https:\/\/developpementvs.com\/en\/produit\/la-gestion-du-changement\/","title":{"rendered":"La gestion du changement"},"content":{"rendered":"<p>Cette formation a pour objectif de :<\/p>\n<ul>\n<li>Communiquer le changement de mani\u00e8re claire et concise<\/li>\n<li>G\u00e9rer la r\u00e9sistance au changement et les conflits<\/li>\n<li>Former et accompagner les employ\u00e9s pendant le changement<\/li>\n<li>Mesurer l\u2019impact du changement et c\u00e9l\u00e9brer les succ\u00e8s<\/li>\n<\/ul>\n<p><strong>En collaboration avec le <a href=\"https:\/\/www.cegepvalleyfield.ca\/service-aux-entreprises\/\" target=\"_blank\" rel=\"noopener\">C\u00e9gep de Valleyfield<\/a>, nous recevons le formateur : Simon Cloutier<\/strong><\/p>\n<p>Pour plus d\u2019information, consultez son profil <a href=\"https:\/\/www.linkedin.com\/in\/simon-cloutier-40556b1\/\" target=\"_blank\" rel=\"noopener\">LinkedIn<\/a><\/p>\n<p>Une attestation de participation sera remise par le C\u00e9gep de Valleyfield \u00e0 chaque participant ayant suivi la formation.<\/p>\n<p>&nbsp;<\/p>\n<p><em>* Aucun remboursement ne sera accord\u00e9 \u00e0 moins d&#8217;une annulation au plus tard 7 jours avant l&#8217;\u00e9v\u00e9nement.<\/em><\/p>\n","protected":false},"excerpt":{"rendered":"<p>Cette formation a pour objectif de : Communiquer le changement de mani\u00e8re claire et concise G\u00e9rer la r\u00e9sistance au changement [&hellip;]<\/p>\n","protected":false},"featured_media":0,"template":"","meta":{"_acf_changed":false,"_seopress_robots_primary_cat":"none","_seopress_titles_title":"La gestion du changement","_seopress_titles_desc":"Cette formation a entre autres pour objectif de communiquer le changement de mani\u00e8re claire et concise et de g\u00e9rer la r\u00e9sistance au changement.","_seopress_robots_index":""},"product_brand":[],"product_cat":[56],"product_tag":[],"class_list":{"0":"post-10044","1":"product","2":"type-product","3":"status-publish","5":"product_cat-formations","7":"first","8":"instock","9":"taxable","10":"shipping-taxable","11":"purchasable","12":"product-type-simple"},"acf":[],"_links":{"self":[{"href":"https:\/\/developpementvs.com\/en\/wp-json\/wp\/v2\/product\/10044","targetHints":{"allow":["GET"]}}],"collection":[{"href":"https:\/\/developpementvs.com\/en\/wp-json\/wp\/v2\/product"}],"about":[{"href":"https:\/\/developpementvs.com\/en\/wp-json\/wp\/v2\/types\/product"}],"wp:attachment":[{"href":"https:\/\/developpementvs.com\/en\/wp-json\/wp\/v2\/media?parent=10044"}],"wp:term":[{"taxonomy":"product_brand","embeddable":true,"href":"https:\/\/developpementvs.com\/en\/wp-json\/wp\/v2\/product_brand?post=10044"},{"taxonomy":"product_cat","embeddable":true,"href":"https:\/\/developpementvs.com\/en\/wp-json\/wp\/v2\/product_cat?post=10044"},{"taxonomy":"product_tag","embeddable":true,"href":"https:\/\/developpementvs.com\/en\/wp-json\/wp\/v2\/product_tag?post=10044"}],"curies":[{"name":"wp","href":"https:\/\/api.w.org\/{rel}","templated":true}]}}