{"id":11656,"date":"2025-09-22T15:57:51","date_gmt":"2025-09-22T19:57:51","guid":{"rendered":"https:\/\/developpementvs.com\/?post_type=product&#038;p=11656"},"modified":"2026-04-28T09:19:42","modified_gmt":"2026-04-28T13:19:42","slug":"gerer-ses-priorites-et-son-energie-savoir-gerer-le-chaos","status":"publish","type":"product","link":"https:\/\/developpementvs.com\/en\/produit\/gerer-ses-priorites-et-son-energie-savoir-gerer-le-chaos\/","title":{"rendered":"G\u00e9rer ses priorit\u00e9s et son \u00e9nergie : savoir g\u00e9rer le chaos"},"content":{"rendered":"<p>Apprenez \u00e0 mieux g\u00e9rer votre temps et votre \u00e9nergie pour optimiser l\u2019organisation et la productivit\u00e9 de votre commerce. D\u00e9couvrez des m\u00e9thodes concr\u00e8tes pour \u00e9tablir vos priorit\u00e9s, reprendre le contr\u00f4le de votre agenda et r\u00e9duire le stress au quotidien. Repartez avec des outils pratiques et un microdiagnostic personnalis\u00e9 pour am\u00e9liorer votre efficacit\u00e9 professionnelle.<\/p>\n<h4>Objectifs<\/h4>\n<p>Gr\u00e2ce \u00e0 cette formation, vous serez en mesure de :<\/p>\n<ul>\n<li>Reconna\u00eetre l\u2019impact de vos valeurs et croyances sur la gestion du temps et de l\u2019\u00e9nergie.<\/li>\n<li>Identifier les sources de perte de temps et adopter des pratiques efficaces.<\/li>\n<li>Rep\u00e9rer les obstacles \u00e0 l\u2019atteinte de vos objectifs et optimiser votre organisation.<\/li>\n<li>Exp\u00e9rimenter des m\u00e9thodes pour mieux \u00e9tablir vos priorit\u00e9s.<\/li>\n<li>D\u00e9couvrir des strat\u00e9gies pour r\u00e9duire le stress et l\u2019anxi\u00e9t\u00e9 li\u00e9s \u00e0 la charge de travail.<\/li>\n<li>Utiliser des outils concrets pour structurer votre routine et augmenter votre productivit\u00e9.<\/li>\n<\/ul>\n<p><strong>Formatrice : <\/strong>V\u00e9ronique Leclercq &#8211; <a href=\"https:\/\/www.atoutrh.ca\/\" target=\"_blank\" rel=\"noopener\">Atout RH<\/a><\/p>\n<h4>Est-ce pour vous?<\/h4>\n<ul>\n<li>La formation s&#8217;adresse aux entrepreneurs et gestionnaires de commerces de d\u00e9tail ou de services de Vaudreuil-Soulanges.<\/li>\n<\/ul>\n<h4>Exigences<\/h4>\n<ul>\n<li>Avoir minimum 3 employ\u00e9s (incluant propri\u00e9taire).<\/li>\n<\/ul>\n<h4>Lieu de la formation<\/h4>\n<ul>\n<li>\u00c0 votre commerce<\/li>\n<\/ul>\n<h4>Date<\/h4>\n<ul>\n<li>Selon vos disponibilit\u00e9s et celles de la formatrice (la formation devra avoir lieu dans les deux mois suivant l\u2019inscription).<\/li>\n<\/ul>\n<h4>Dur\u00e9e<\/h4>\n<ul>\n<li>Une demi-journ\u00e9e (3 \u00e0 4 heures)<\/li>\n<\/ul>\n<h4>Langue<\/h4>\n<ul>\n<li>Cette formation est offerte en fran\u00e7ais seulement.<\/li>\n<\/ul>\n<p>&nbsp;<\/p>\n<p><strong><em>Notes : <\/em><\/strong><strong><em>La formatrice vous contactera pour prendre rendez-vous dans les 5 \u00e0 10 jours ouvrables suivant votre inscription. <\/em><\/strong><strong><em>La formation est non remboursable.<\/em><\/strong><\/p>\n<p>&nbsp;<\/p>\n<h5>Avec la participation financi\u00e8re du gouvernement du Qu\u00e9bec<\/h5>\n","protected":false},"excerpt":{"rendered":"<p>Apprenez \u00e0 mieux g\u00e9rer votre temps et votre \u00e9nergie pour optimiser l\u2019organisation et la productivit\u00e9 de votre commerce. D\u00e9couvrez des [&hellip;]<\/p>\n","protected":false},"featured_media":0,"template":"","meta":{"_acf_changed":false,"_seopress_robots_primary_cat":"none","_seopress_titles_title":"G\u00e9rer ses priorit\u00e9s et son \u00e9nergie : savoir g\u00e9rer le chaos","_seopress_titles_desc":"Apprenez \u00e0 mieux g\u00e9rer votre temps et votre \u00e9nergie pour optimiser l\u2019organisation et la productivit\u00e9 de votre commerce.","_seopress_robots_index":""},"product_brand":[],"product_cat":[56],"product_tag":[79],"class_list":{"0":"post-11656","1":"product","2":"type-product","3":"status-publish","5":"product_cat-formations","6":"product_tag-formations-dans-votre-commerce","8":"first","9":"outofstock","10":"featured","11":"taxable","12":"shipping-taxable","13":"purchasable","14":"product-type-devsubscription"},"acf":[],"_links":{"self":[{"href":"https:\/\/developpementvs.com\/en\/wp-json\/wp\/v2\/product\/11656","targetHints":{"allow":["GET"]}}],"collection":[{"href":"https:\/\/developpementvs.com\/en\/wp-json\/wp\/v2\/product"}],"about":[{"href":"https:\/\/developpementvs.com\/en\/wp-json\/wp\/v2\/types\/product"}],"wp:attachment":[{"href":"https:\/\/developpementvs.com\/en\/wp-json\/wp\/v2\/media?parent=11656"}],"wp:term":[{"taxonomy":"product_brand","embeddable":true,"href":"https:\/\/developpementvs.com\/en\/wp-json\/wp\/v2\/product_brand?post=11656"},{"taxonomy":"product_cat","embeddable":true,"href":"https:\/\/developpementvs.com\/en\/wp-json\/wp\/v2\/product_cat?post=11656"},{"taxonomy":"product_tag","embeddable":true,"href":"https:\/\/developpementvs.com\/en\/wp-json\/wp\/v2\/product_tag?post=11656"}],"curies":[{"name":"wp","href":"https:\/\/api.w.org\/{rel}","templated":true}]}}