{"id":12434,"date":"2026-05-14T10:55:49","date_gmt":"2026-05-14T14:55:49","guid":{"rendered":"https:\/\/developpementvs.com\/?post_type=product&#038;p=12434"},"modified":"2026-05-14T16:15:54","modified_gmt":"2026-05-14T20:15:54","slug":"maitriser-les-bases-du-depot-dune-soumission-et-augmenter-vos-ventes-a-laide-du-seao-automne-2026","status":"publish","type":"product","link":"https:\/\/developpementvs.com\/en\/produit\/maitriser-les-bases-du-depot-dune-soumission-et-augmenter-vos-ventes-a-laide-du-seao-automne-2026\/","title":{"rendered":"Ma\u00eetriser les bases du d\u00e9p\u00f4t d\u2019une soumission et augmenter vos ventes \u00e0 l\u2019aide du SEAO &#8211; Automne 2026"},"content":{"rendered":"<h4><img loading=\"lazy\" decoding=\"async\" class=\"wp-image-10652 size-large alignright\" src=\"https:\/\/developpementvs.com\/wp-content\/uploads\/2025\/02\/41-vignette-portrait-1024x1024.jpg\" alt=\"\" width=\"640\" height=\"640\" srcset=\"https:\/\/developpementvs.com\/wp-content\/uploads\/2025\/02\/41-vignette-portrait-1024x1024.jpg 1024w, https:\/\/developpementvs.com\/wp-content\/uploads\/2025\/02\/41-vignette-portrait-150x150.jpg 150w, https:\/\/developpementvs.com\/wp-content\/uploads\/2025\/02\/41-vignette-portrait-768x768.jpg 768w, https:\/\/developpementvs.com\/wp-content\/uploads\/2025\/02\/41-vignette-portrait-1536x1536.jpg 1536w, https:\/\/developpementvs.com\/wp-content\/uploads\/2025\/02\/41-vignette-portrait-2048x2048.jpg 2048w, https:\/\/developpementvs.com\/wp-content\/uploads\/2025\/02\/41-vignette-portrait-610x610.jpg 610w, https:\/\/developpementvs.com\/wp-content\/uploads\/2025\/02\/41-vignette-portrait-300x300.jpg 300w, https:\/\/developpementvs.com\/wp-content\/uploads\/2025\/02\/41-vignette-portrait-600x600.jpg 600w, https:\/\/developpementvs.com\/wp-content\/uploads\/2025\/02\/41-vignette-portrait-100x100.jpg 100w\" sizes=\"auto, (max-width: 640px) 100vw, 640px\" \/>Organis\u00e9e en collaboration avec le minist\u00e8re de l\u2019\u00c9conomie, de l\u2019Innovation et de l\u2019\u00c9nergie (MEIE) et l\u2019Association pour le d\u00e9veloppement de la recherche et de l\u2019innovation du Qu\u00e9bec (ADRIQ), la formation \u00ab Ma\u00eetriser les bases du d\u00e9p\u00f4t d\u2019une soumission : obtenir un contrat public \u00bb vous permettra de vous <strong>familiariser avec la documentation des appels d\u2019offres<\/strong> et de cibler les informations importantes afin de bien pr\u00e9parer sa soumission.<\/h4>\n<p>En seconde partie de journ\u00e9e, l\u2019atelier \u00ab Augmenter vos ventes \u00e0 l\u2019aide du SEAO, une source inexploit\u00e9e d\u2019information \u00bb, vous permettra de <strong>cibler des appels d\u2019offres<\/strong> susceptibles d\u2019int\u00e9resser votre entreprise. Chaque apprenant <strong>s\u2019exercera sur le SEAO<\/strong> \u00e0 partir des besoins r\u00e9els de son entreprise et ainsi instaurer un processus de veille.<\/p>\n<p><strong>Objectifs<\/strong><\/p>\n<ul>\n<li>D\u00e9coder les documents d\u2019appel d\u2019offres<\/li>\n<li>Se servir de toutes les fonctionnalit\u00e9s du nouveau SEAO<\/li>\n<li>S\u00e9lectionner les meilleurs crit\u00e8res pour effectuer une recherche<\/li>\n<\/ul>\n<p><strong>\u00c0 qui s\u2019adresse cette formation?<\/strong><\/p>\n<ul>\n<li>Les dirigeants d\u2019entreprises<\/li>\n<li>Les responsables des ventes<\/li>\n<li>Toutes personnes li\u00e9es de pr\u00e8s ou de loin au d\u00e9veloppement de march\u00e9 des entreprises<\/li>\n<\/ul>\n<p>**Nos formations sont maintenant <strong>reconnues <\/strong>\u00e0 la R\u00e9gie du b\u00e2timent du Qu\u00e9bec (<strong>RBQ<\/strong>), \u00e0 la Corporation des ma\u00eetres m\u00e9caniciens en tuyauterie du Qu\u00e9bec (<strong>CMMTQ<\/strong>) et \u00e0 la Corporation des ma\u00eetres \u00e9lectriciens du Qu\u00e9bec (<strong>CMEQ<\/strong>). Les entrepreneurs en construction peuvent donc mettre cette formation dans leurs heures de formations continues obligatoires.<\/p>\n<p><strong>Pr\u00e9requis<\/strong><\/p>\n<ul>\n<li>Obligatoire\u00a0: apporter son ordinateur portable lors de la formation et de l\u2019atelier.<\/li>\n<li>Avoir suivi la formation en ligne : <a href=\"https:\/\/www.economie.gouv.qc.ca\/bibliotheques\/formations\/formation-en-ligne-acceder-aux-marches-publics-pour-la-premiere-fois\" target=\"_blank\" rel=\"noopener\">Comment acc\u00e9der aux march\u00e9s publics pour la premi\u00e8re fois.<\/a><\/li>\n<\/ul>\n<p>Les pauses-sant\u00e9 ainsi que le repas du midi sont inclus dans l\u2019inscription.<\/p>\n<h4>Note : Si vous \u00eates une entreprise ou un organisme de l&#8217;ext\u00e9rieur de la MRC de Vaudreuil-Soulanges, veuillez s\u00e9lectionner <em>\u00ab Autre ville \u00bb<\/em> dans la case <em>\u00ab Ville <\/em><em>\u00bb du formulaire de commande.<\/em><\/h4>\n","protected":false},"excerpt":{"rendered":"<p>Organis\u00e9e en collaboration avec le minist\u00e8re de l\u2019\u00c9conomie, de l\u2019Innovation et de l\u2019\u00c9nergie (MEIE) et l\u2019Association pour le d\u00e9veloppement de [&hellip;]<\/p>\n","protected":false},"featured_media":0,"template":"","meta":{"_acf_changed":false,"_seopress_robots_primary_cat":"none","_seopress_titles_title":"Ma\u00eetriser les bases du d\u00e9p\u00f4t d\u2019une soumission et augmenter vos ventes \u00e0 l\u2019aide du SEAO","_seopress_titles_desc":"Cette formation permettra de vous familiariser avec la documentation des appels d\u2019offres et de cibler les informations importantes afin de bien pr\u00e9parer sa soumission.","_seopress_robots_index":""},"product_brand":[],"product_cat":[56],"product_tag":[],"class_list":{"0":"post-12434","1":"product","2":"type-product","3":"status-publish","5":"product_cat-formations","7":"first","8":"instock","9":"taxable","10":"shipping-taxable","11":"purchasable","12":"product-type-simple"},"acf":[],"_links":{"self":[{"href":"https:\/\/developpementvs.com\/en\/wp-json\/wp\/v2\/product\/12434","targetHints":{"allow":["GET"]}}],"collection":[{"href":"https:\/\/developpementvs.com\/en\/wp-json\/wp\/v2\/product"}],"about":[{"href":"https:\/\/developpementvs.com\/en\/wp-json\/wp\/v2\/types\/product"}],"wp:attachment":[{"href":"https:\/\/developpementvs.com\/en\/wp-json\/wp\/v2\/media?parent=12434"}],"wp:term":[{"taxonomy":"product_brand","embeddable":true,"href":"https:\/\/developpementvs.com\/en\/wp-json\/wp\/v2\/product_brand?post=12434"},{"taxonomy":"product_cat","embeddable":true,"href":"https:\/\/developpementvs.com\/en\/wp-json\/wp\/v2\/product_cat?post=12434"},{"taxonomy":"product_tag","embeddable":true,"href":"https:\/\/developpementvs.com\/en\/wp-json\/wp\/v2\/product_tag?post=12434"}],"curies":[{"name":"wp","href":"https:\/\/api.w.org\/{rel}","templated":true}]}}