{"id":8738,"date":"2023-09-28T11:53:46","date_gmt":"2023-09-28T15:53:46","guid":{"rendered":"https:\/\/developpementvs.com\/?post_type=product&#038;p=8738"},"modified":"2024-07-08T14:08:32","modified_gmt":"2024-07-08T18:08:32","slug":"osez-le-dialogue-audacieux-pour-declencher-des-conversations-courageuses","status":"publish","type":"product","link":"https:\/\/developpementvs.com\/en\/produit\/osez-le-dialogue-audacieux-pour-declencher-des-conversations-courageuses\/","title":{"rendered":"Osez le dialogue audacieux pour d\u00e9clencher des conversations courageuses"},"content":{"rendered":"<p>D\u00e9couvrez comment le courage manag\u00e9rial peut transformer la fa\u00e7on dont les ressources humaines abordent leur r\u00f4le au sein d&#8217;une organisation. Le courage manag\u00e9rial, dans le contexte des RH, va bien au-del\u00e0 de la simple administration des politiques et des processus. Cela implique de prendre des d\u00e9cisions difficiles, d\u2019avoir des conversations d\u00e9licates et de d\u00e9fendre ce qui est juste m\u00eame quand cela peut \u00eatre inconfortable.<\/p>\n<p><strong>Formatrice : Annie Boilard, MBA, M. Sc., Distinction Fellow CRHA<\/strong><\/p>\n<p><em>Le nom d&#8217;Annie Boilard vous est sans doute familier. Peut-\u00eatre l&#8217;avez-vous aper\u00e7ue \u00e0 la t\u00e9l\u00e9vision, partageant son expertise sur les ondes de LCN. Peut-\u00eatre avez-vous capt\u00e9 ses interventions sur les ondes de Radio-Canada ou encore lu ses articles dans La Presse. Annie poss\u00e8de un rayonnement exceptionnel. Elle est au sommet de sa discipline, \u00e9tant la fi\u00e8re r\u00e9cipiendaire d&#8217;une Distinction Fellow, la plus haute reconnaissance en ressources humaines au Qu\u00e9bec.<\/em><\/p>\n<p><em>Le R\u00e9seau Annie RH a atteint la barre impressionnante des 10\u00a0000 abonn\u00e9s! Derri\u00e8re cette reconnaissance m\u00e9diatique, se profile une formatrice exceptionnelle, pr\u00eate \u00e0 d\u00e9voiler ses pr\u00e9cieux outils et \u00e0 animer des discussions guid\u00e9es qui laissent une empreinte lors de ses formations.<\/em><\/p>\n<p>Pour plus d\u2019information, consultez son profil <a href=\"http:\/\/linkedin.com\/in\/annie-boilard-5806823\" target=\"_blank\" rel=\"noopener\">LinkedIn<\/a><\/p>\n<p>&nbsp;<\/p>\n<p><em>* Aucun remboursement ne sera accord\u00e9 \u00e0 moins d&#8217;une annulation au plus tard 7 jours avant l&#8217;\u00e9v\u00e9nement.<\/em><\/p>\n","protected":false},"excerpt":{"rendered":"<p>D\u00e9couvrez comment le courage manag\u00e9rial peut transformer la fa\u00e7on dont les ressources humaines abordent leur r\u00f4le au sein d&#8217;une organisation. [&hellip;]<\/p>\n","protected":false},"featured_media":0,"template":"","meta":{"_acf_changed":false,"_seopress_robots_primary_cat":"none","_seopress_titles_title":"Osez le dialogue audacieux pour d\u00e9clencher des conversations courageuses","_seopress_titles_desc":"D\u00e9couvrez comment le courage manag\u00e9rial peut transformer la fa\u00e7on dont les ressources humaines abordent leur r\u00f4le au sein d'une organisation, avec Annie Boilard, MBA, M. Sc., Distinction Fellow CRHA.","_seopress_robots_index":""},"product_brand":[],"product_cat":[56],"product_tag":[],"class_list":{"0":"post-8738","1":"product","2":"type-product","3":"status-publish","5":"product_cat-formations","7":"first","8":"outofstock","9":"virtual","10":"taxable","11":"purchasable","12":"product-type-simple"},"acf":[],"_links":{"self":[{"href":"https:\/\/developpementvs.com\/en\/wp-json\/wp\/v2\/product\/8738","targetHints":{"allow":["GET"]}}],"collection":[{"href":"https:\/\/developpementvs.com\/en\/wp-json\/wp\/v2\/product"}],"about":[{"href":"https:\/\/developpementvs.com\/en\/wp-json\/wp\/v2\/types\/product"}],"wp:attachment":[{"href":"https:\/\/developpementvs.com\/en\/wp-json\/wp\/v2\/media?parent=8738"}],"wp:term":[{"taxonomy":"product_brand","embeddable":true,"href":"https:\/\/developpementvs.com\/en\/wp-json\/wp\/v2\/product_brand?post=8738"},{"taxonomy":"product_cat","embeddable":true,"href":"https:\/\/developpementvs.com\/en\/wp-json\/wp\/v2\/product_cat?post=8738"},{"taxonomy":"product_tag","embeddable":true,"href":"https:\/\/developpementvs.com\/en\/wp-json\/wp\/v2\/product_tag?post=8738"}],"curies":[{"name":"wp","href":"https:\/\/api.w.org\/{rel}","templated":true}]}}