{"id":9278,"date":"2024-03-05T11:30:03","date_gmt":"2024-03-05T16:30:03","guid":{"rendered":"https:\/\/developpementvs.com\/?post_type=product&#038;p=9278"},"modified":"2024-04-12T10:59:55","modified_gmt":"2024-04-12T14:59:55","slug":"saint-lazare-demystifier-la-redaction-persuasive","status":"publish","type":"product","link":"https:\/\/developpementvs.com\/en\/produit\/saint-lazare-demystifier-la-redaction-persuasive\/","title":{"rendered":"Saint-Lazare | D\u00e9mystifier la r\u00e9daction persuasive"},"content":{"rendered":"<p>Qu&#8217;est-ce que la r\u00e9daction persuasive? En r\u00e9sum\u00e9, la r\u00e9daction persuasive a pour but de mieux vendre ses produits et services. Elle peut \u00eatre utilis\u00e9e pour des publicit\u00e9s sur les r\u00e9seaux sociaux, pour des pages de vente, des s\u00e9quences mails ou m\u00eame simplement pour des publications sur les r\u00e9seaux sociaux.<\/p>\n<p>Avant de plonger dans les techniques de la r\u00e9daction persuasive, vous apprendrez \u00e0 connaitre les bases sur lesquelles travailler afin de r\u00e9diger des textes r\u00e9ellement persuasifs.<\/p>\n<p><strong>Formatrice : <\/strong>Marie-\u00c8ve L\u00e9vesque, d&#8217;<a href=\"https:\/\/www.a-gencedecomm.ca\/\" target=\"_blank\" rel=\"noopener\">A-gence de comm<\/a><\/p>\n<p>&nbsp;<\/p>\n<h4>Est-ce pour vous?<\/h4>\n<ul>\n<li>La formation s&#8217;adresse \u00e0 tou(te)s les entrepreneur(e)s et commer\u00e7ant(e)s de Vaudreuil-Soulanges<\/li>\n<\/ul>\n","protected":false},"excerpt":{"rendered":"<p>Qu&#8217;est-ce que la r\u00e9daction persuasive? En r\u00e9sum\u00e9, la r\u00e9daction persuasive a pour but de mieux vendre ses produits et services. [&hellip;]<\/p>\n","protected":false},"featured_media":0,"template":"","meta":{"_acf_changed":false,"_seopress_robots_primary_cat":"none","_seopress_titles_title":"Saint-Lazare | D\u00e9mystifier la r\u00e9daction persuasive","_seopress_titles_desc":"Apprendrez \u00e0 connaitre les bases sur lesquelles travailler afin de r\u00e9diger des textes r\u00e9ellement persuasifs.","_seopress_robots_index":""},"product_brand":[],"product_cat":[86],"product_tag":[],"class_list":{"0":"post-9278","1":"product","2":"type-product","3":"status-publish","5":"product_cat-ateliers-sae-dans-votre-municipalite","7":"first","8":"outofstock","9":"virtual","10":"taxable","11":"purchasable","12":"product-type-simple"},"acf":[],"_links":{"self":[{"href":"https:\/\/developpementvs.com\/en\/wp-json\/wp\/v2\/product\/9278","targetHints":{"allow":["GET"]}}],"collection":[{"href":"https:\/\/developpementvs.com\/en\/wp-json\/wp\/v2\/product"}],"about":[{"href":"https:\/\/developpementvs.com\/en\/wp-json\/wp\/v2\/types\/product"}],"wp:attachment":[{"href":"https:\/\/developpementvs.com\/en\/wp-json\/wp\/v2\/media?parent=9278"}],"wp:term":[{"taxonomy":"product_brand","embeddable":true,"href":"https:\/\/developpementvs.com\/en\/wp-json\/wp\/v2\/product_brand?post=9278"},{"taxonomy":"product_cat","embeddable":true,"href":"https:\/\/developpementvs.com\/en\/wp-json\/wp\/v2\/product_cat?post=9278"},{"taxonomy":"product_tag","embeddable":true,"href":"https:\/\/developpementvs.com\/en\/wp-json\/wp\/v2\/product_tag?post=9278"}],"curies":[{"name":"wp","href":"https:\/\/api.w.org\/{rel}","templated":true}]}}